{"id":704,"date":"2020-02-14T09:08:36","date_gmt":"2020-02-14T08:08:36","guid":{"rendered":"https:\/\/vyhne.fchpt.stuba.sk\/?page_id=704"},"modified":"2024-02-07T11:40:36","modified_gmt":"2024-02-07T10:40:36","slug":"cennik","status":"publish","type":"page","link":"https:\/\/vyhne.fchpt.stuba.sk\/index.php\/rezervacie\/cennik\/","title":{"rendered":"Cenn\u00edk"},"content":{"rendered":"<p><strong>Cenn\u00edk ubytovania v izb\u00e1ch s vlastnou k\u00fape\u013e\u0148ou (1. poschodie)<\/strong><\/p>\n<ul>\n<li>pre zamestnancov FCHPT STU a ich bl\u00edzkych rodinn\u00fdch pr\u00edslu\u0161n\u00edkov*: <strong>10 eur\/noc<\/strong><\/li>\n<li>\u0161tudenti FCHPT STU: <strong>9 eur\/noc<\/strong><\/li>\n<li>pre in\u00fdch n\u00e1v\u0161tevn\u00edkov &#8211; zamestnancov STU: <strong>17 eur\/noc<\/strong><\/li>\n<li>pre in\u00fdch n\u00e1v\u0161tevn\u00edkov: <strong>18 eur\/noc<\/strong><\/li>\n<li>zviera (pes, ma\u010dka)**:\u00a0<strong>10 eur\/noc<\/strong><\/li>\n<\/ul>\n<p><strong>Cenn\u00edk ubytovania v izb\u00e1ch so zdie\u013eanou k\u00fape\u013e\u0148ou (2. poschodie)<\/strong><\/p>\n<ul>\n<li>pre zamestnancov FCHPT STU a ich bl\u00edzkych rodinn\u00fdch pr\u00edslu\u0161n\u00edkov*: <strong>9 eur\/noc<\/strong><\/li>\n<li>\u0161tudenti FCHPT STU: <strong>8 eur\/noc<\/strong><\/li>\n<li>pre in\u00fdch n\u00e1v\u0161tevn\u00edkov &#8211; zamestnancov STU: <strong>14 eur\/noc<\/strong><\/li>\n<li>pre in\u00fdch n\u00e1v\u0161tevn\u00edkov: <strong>15 eur\/noc<\/strong><\/li>\n<\/ul>\n<p><strong>Cenn\u00edk pren\u00e1jmu cel\u00e9ho objektu:<\/strong><\/p>\n<ul>\n<li>pre zamestnanca FCHPT STU:\u00a0<strong>175 eur\/noc<br \/>\n<\/strong><\/li>\n<li>pre zamestnanca inej fakulty STU:\u00a0<strong>300 eur\/noc<\/strong><\/li>\n<li>pre in\u00fd pr\u00e1vny subjekt:\u00a0<strong>100 eur\/h, 700 eur\/24h<\/strong><\/li>\n<\/ul>\n<p><em>Cena nezahr\u0148uje miestny poplatok. V zimn\u00fdch mesiacoch december \u2013 febru\u00e1r sa \u00fa\u010dtuje pr\u00edplatok za k\u00farenie vo v\u00fd\u0161ke 10%.<\/p>\n<p>S v\u00fdnimkou pren\u00e1jmu cel\u00e9ho objektu in\u00e9mu pr\u00e1vnemu subjektu mus\u00ed by\u0165 objedn\u00e1vate\u013eom a z\u00e1rove\u0148 jedn\u00fdm z \u00fa\u010dastn\u00edkov pobytu zamestnanec FCHPT STU alebo cudz\u00ed n\u00e1v\u0161tevn\u00edk \u2013 zamestnanec STU.<\/p>\n<p>Cenn\u00edk je platn\u00fd pre rezerv\u00e1cie uskuto\u010dnen\u00e9 od 1.2.2024.<\/em><\/p>\n<p><strong>Storno poplatky pri zru\u0161en\u00ed rezerv\u00e1cie:<\/strong><\/p>\n<ul class=\"bullet\">\n<li>v pr\u00edpade zru\u0161enia rezerv\u00e1cie pobytu 3 alebo viac dn\u00ed pred n\u00e1stupom fakulta vracia 100 % uhradenej sumy.<\/li>\n<li>v pr\u00edpade zru\u0161enia rezerv\u00e1cie pobytu v term\u00edne krat\u0161om ako 3 dni alebo nenast\u00fapenia na pobyt fakulta poplatok nevracia.<\/li>\n<\/ul>\n<p><strong>Rezerv\u00e1cia sa pova\u017euje za stornovan\u00fa:<\/strong><\/p>\n<ul class=\"bullet\">\n<li>v pr\u00edpade, \u017ee do piatich dn\u00ed od potvrdenia rezerv\u00e1cie objedn\u00e1vate\u013e pobyt neuhrad\u00ed,<\/li>\n<li>v pr\u00edpade, \u017ee najnesk\u00f4r jeden de\u0148 pred n\u00e1stupom na pobyt nie je \u00fahrada za pobyt prijat\u00e1 na \u00fa\u010det fakulty.<\/li>\n<\/ul>\n<p>* <em>man\u017eel, man\u017eelka, rodi\u010d, die\u0165a<\/em><br \/>\n** <em>zviera mo\u017eno ubytova\u0165 iba v jednej z dvoch ur\u010den\u00fdch izieb (\u010d. 1 a \u010d. 5).<\/em><\/p>\n","protected":false},"excerpt":{"rendered":"<p>Cenn\u00edk ubytovania v izb\u00e1ch s vlastnou k\u00fape\u013e\u0148ou (1. poschodie) pre zamestnancov FCHPT STU a ich bl\u00edzkych rodinn\u00fdch pr\u00edslu\u0161n\u00edkov*: 10 eur\/noc \u0161tudenti FCHPT STU: 9 eur\/noc pre in\u00fdch n\u00e1v\u0161tevn\u00edkov &#8211; zamestnancov STU: 17 eur\/noc pre in\u00fdch n\u00e1v\u0161tevn\u00edkov: 18 eur\/noc zviera (pes,<\/p>\n","protected":false},"author":2,"featured_media":0,"parent":615,"menu_order":0,"comment_status":"closed","ping_status":"closed","template":"","meta":{"footnotes":""},"class_list":["post-704","page","type-page","status-publish","hentry"],"_links":{"self":[{"href":"https:\/\/vyhne.fchpt.stuba.sk\/index.php\/wp-json\/wp\/v2\/pages\/704","targetHints":{"allow":["GET"]}}],"collection":[{"href":"https:\/\/vyhne.fchpt.stuba.sk\/index.php\/wp-json\/wp\/v2\/pages"}],"about":[{"href":"https:\/\/vyhne.fchpt.stuba.sk\/index.php\/wp-json\/wp\/v2\/types\/page"}],"author":[{"embeddable":true,"href":"https:\/\/vyhne.fchpt.stuba.sk\/index.php\/wp-json\/wp\/v2\/users\/2"}],"replies":[{"embeddable":true,"href":"https:\/\/vyhne.fchpt.stuba.sk\/index.php\/wp-json\/wp\/v2\/comments?post=704"}],"version-history":[{"count":21,"href":"https:\/\/vyhne.fchpt.stuba.sk\/index.php\/wp-json\/wp\/v2\/pages\/704\/revisions"}],"predecessor-version":[{"id":1084,"href":"https:\/\/vyhne.fchpt.stuba.sk\/index.php\/wp-json\/wp\/v2\/pages\/704\/revisions\/1084"}],"up":[{"embeddable":true,"href":"https:\/\/vyhne.fchpt.stuba.sk\/index.php\/wp-json\/wp\/v2\/pages\/615"}],"wp:attachment":[{"href":"https:\/\/vyhne.fchpt.stuba.sk\/index.php\/wp-json\/wp\/v2\/media?parent=704"}],"curies":[{"name":"wp","href":"https:\/\/api.w.org\/{rel}","templated":true}]}}