{"id":612,"date":"2020-02-13T11:25:42","date_gmt":"2020-02-13T10:25:42","guid":{"rendered":"https:\/\/vyhne.fchpt.stuba.sk\/?page_id=612"},"modified":"2025-05-13T13:11:54","modified_gmt":"2025-05-13T11:11:54","slug":"kalendar-podujati","status":"publish","type":"page","link":"https:\/\/vyhne.fchpt.stuba.sk\/index.php\/kalendar-podujati\/","title":{"rendered":"Kalend\u00e1r podujat\u00ed"},"content":{"rendered":"<p>Kam za kult\u00farou a relaxom?<\/p>\n<p><a href=\"https:\/\/www.banskastiavnica.travel\/podujatia\/\">V Banskej \u0160tiavnici a okol\u00ed.<\/a><\/p>\n<p><a href=\"https:\/\/zarnovica.virtualne.sk\/akcie-a-podujatia.html\">V \u017darnovici a okol\u00ed.<\/a><\/p>\n<p><a href=\"https:\/\/www.novabana.sk\/informacie\/podujatia\">V Novej Bani.<\/a><\/p>\n<p><a href=\"https:\/\/www.mskcentrum.sk\/event.php\">V \u017diari nad Hronom.<\/a><\/p>\n","protected":false},"excerpt":{"rendered":"<p>Kam za kult\u00farou a relaxom? V Banskej \u0160tiavnici a okol\u00ed. V \u017darnovici a okol\u00ed. V Novej Bani. V \u017diari nad Hronom.<\/p>\n","protected":false},"author":2,"featured_media":0,"parent":0,"menu_order":0,"comment_status":"closed","ping_status":"closed","template":"","meta":{"footnotes":""},"class_list":["post-612","page","type-page","status-publish","hentry"],"_links":{"self":[{"href":"https:\/\/vyhne.fchpt.stuba.sk\/index.php\/wp-json\/wp\/v2\/pages\/612","targetHints":{"allow":["GET"]}}],"collection":[{"href":"https:\/\/vyhne.fchpt.stuba.sk\/index.php\/wp-json\/wp\/v2\/pages"}],"about":[{"href":"https:\/\/vyhne.fchpt.stuba.sk\/index.php\/wp-json\/wp\/v2\/types\/page"}],"author":[{"embeddable":true,"href":"https:\/\/vyhne.fchpt.stuba.sk\/index.php\/wp-json\/wp\/v2\/users\/2"}],"replies":[{"embeddable":true,"href":"https:\/\/vyhne.fchpt.stuba.sk\/index.php\/wp-json\/wp\/v2\/comments?post=612"}],"version-history":[{"count":12,"href":"https:\/\/vyhne.fchpt.stuba.sk\/index.php\/wp-json\/wp\/v2\/pages\/612\/revisions"}],"predecessor-version":[{"id":1127,"href":"https:\/\/vyhne.fchpt.stuba.sk\/index.php\/wp-json\/wp\/v2\/pages\/612\/revisions\/1127"}],"wp:attachment":[{"href":"https:\/\/vyhne.fchpt.stuba.sk\/index.php\/wp-json\/wp\/v2\/media?parent=612"}],"curies":[{"name":"wp","href":"https:\/\/api.w.org\/{rel}","templated":true}]}}