{"id":600,"date":"2020-02-13T11:22:01","date_gmt":"2020-02-13T10:22:01","guid":{"rendered":"https:\/\/vyhne.fchpt.stuba.sk\/?page_id=600"},"modified":"2025-12-08T07:51:27","modified_gmt":"2025-12-08T06:51:27","slug":"relax","status":"publish","type":"page","link":"https:\/\/vyhne.fchpt.stuba.sk\/index.php\/kam-v-okoli\/relax\/","title":{"rendered":"Relax"},"content":{"rendered":"<p><strong>V tejto sekcii V\u00e1m pon\u00fakame preh\u013ead zauj\u00edmav\u00fdch miest v okol\u00ed vily Margotsy.<\/strong><\/p>\n<p><img decoding=\"async\" style=\"float: left; margin-right: 15px;\" src=\"\/wp-content\/uploads\/2020\/02\/vodnyraj.jpg\" alt=\"\" width=\"210\" \/><\/p>\n<h2>Vodn\u00fd raj Vyhne<\/h2>\n<p>Vodn\u00fd raj Vyhne je jedine\u010dn\u00fdm aquaparkom s celoro\u010dnou prev\u00e1dzkou. Obec Vyhne le\u017e\u00ed na za\u010diatku chr\u00e1nenej krajinnej oblasti \u0160tiavnick\u00e9 vrchy, uprostred n\u00e1dhernej pr\u00edrody a iba 15 km vzdialen\u00e9 od historick\u00e9ho kr\u00e1\u013eovsk\u00e9ho bansk\u00e9ho mesta Bansk\u00e1&#8230; <a href=\"https:\/\/www.vodnesvety.sk\/aquapark-vyhne\" target=\"_blank\" rel=\"noopener noreferrer\">Viac<\/a><\/p>\n<hr \/>\n<p><img decoding=\"async\" style=\"float: left; margin-right: 15px;\" src=\"\/wp-content\/uploads\/2020\/02\/sklene.jpg\" alt=\"\" width=\"210\" \/><\/p>\n<h2>K\u00fapele Sklen\u00e9 Teplice<\/h2>\n<p>Raritou k\u00fape\u013eov je v\u00fdskyt term\u00e1lnych prame\u0148ov s teplotou vody od 37 &#8211; 52,5\u00b0C, z ktor\u00fdch popri v\u00fdznamn\u00fdch lie\u010div\u00fdch \u00fa\u010dinkoch vanie duch sl\u00e1vnej minulosti k\u00fape\u013eov u\u017e st\u00e1ro\u010dia. Nako\u013eko lie\u010div\u00e1 term\u00e1lna voda obsahuje ve\u013ek\u00e9 mno\u017estvo miner\u00e1lov, ako&#8230; <a href=\"https:\/\/www.kupele-skleneteplice.sk\/sk\" target=\"_blank\" rel=\"noopener noreferrer\">Viac<\/a><\/p>\n<hr \/>\n<p><img decoding=\"async\" style=\"float: left; margin-right: 15px;\" src=\"\/wp-content\/uploads\/2020\/02\/monster.jpg\" alt=\"\" width=\"210\" \/><\/p>\n<h2>Monster Kolobe\u017eky<\/h2>\n<p>Jazda na monster kolobe\u017ek\u00e1ch sp\u00e1ja adrenal\u00ednov\u00fd z\u00e1\u017eitok a pr\u00edjemn\u00fa prech\u00e1dzku lesn\u00fdmi z\u00e1kutiami. T\u00fato adrenal\u00ednov\u00fa atrakciu si m\u00f4\u017eete vysk\u00fa\u0161a\u0165 v obci Leh\u00f4tka pod Brehmi.Sta\u010d\u00ed si prenaja\u0165 horsk\u00fa kolobe\u017eku a potom si u\u017e len u\u017e\u00edva\u0165 vietor vo vlasoch&#8230; <a href=\"https:\/\/www.kamnavylet.sk\/sk\/atrakcia\/monster-kolobezky-lehotka-pod-brehmi\" target=\"_blank\" rel=\"noopener noreferrer\">Viac<\/a><\/p>\n<hr \/>\n<p><img decoding=\"async\" style=\"float: left; margin-right: 15px;\" src=\"\/wp-content\/uploads\/2020\/02\/salamandra.jpg\" alt=\"\" width=\"210\" \/><\/p>\n<h2>Salamandra Ski Resort<\/h2>\n<p>Ly\u017eiarske stredisko SALAMANDRA Resort le\u017e\u00ed ne\u010faleko Banskej \u0160tiavnice a jedn\u00fdm z m\u00e1la stred\u00edsk so seda\u010dkovou lanovkou na okol\u00ed. Seda\u010dka Doppelmayr obsluhuje jeden a pol kilometra dlh\u00fa stredna n\u00e1ro\u010dn\u00fa zjazdovku zjazdovku. Zjazdovka je umelo zasne\u017eovan\u00e1&#8230; <a href=\"https:\/\/www.salamandra.sk\/sk\/lyziarske-stredisko-salamandra\" target=\"_blank\" rel=\"noopener noreferrer\">Viac<\/a><\/p>\n<hr \/>\n<p><img decoding=\"async\" style=\"float: left; margin-right: 15px;\" src=\"\/wp-content\/uploads\/2020\/02\/gamecity.jpg\" alt=\"\" width=\"210\" \/><\/p>\n<h2>City Game Bansk\u00e1 \u0160tiavnica<\/h2>\n<p>Spoznajte kr\u00e1sy Banskej \u0160tiavnice z\u00e1bavnou a netradi\u010dnou formou. Odhal\u00edte v\u0161etky tajomstv\u00e1 a n\u00e1jdete b\u00e1jny \u0160tiavnick\u00fd poklad? City Game alebo mestsk\u00e1 hra je dobrodru\u017en\u00e1 z\u00e1\u017eitkov\u00e1 aktivita pre t\u00edmy 2 a\u017e 5 \u013eud\u00ed (naraz v\u0161ak m\u00f4\u017ee hra\u0165 aj viac t\u00edmov). Skupina&#8230; <a href=\"https:\/\/www.banskastiavnica.sk\/katalog-firiem\/city-game-banska-stiavnica\/\" target=\"_blank\" rel=\"noopener noreferrer\">Viac<\/a><\/p>\n<hr \/>\n<p><img decoding=\"async\" style=\"float: left; margin-right: 15px;\" src=\"\/wp-content\/uploads\/2020\/02\/terra.jpg\" alt=\"\" width=\"210\" \/><\/p>\n<h2>Terra Permonia<\/h2>\n<p>Terra Permonia Bansk\u00e1 \u0160tiavnica je absol\u00fatna novinka na slovenskom trhu, in\u0161pirovan\u00e1 holandsk\u00fdm know &#8211; how. Je tvorivou diel\u0148ou, miestom oddychu, z\u00e1bavy, u\u010denia a pozn\u00e1vania. V najatrakt\u00edvnej\u0161ej \u010dasti sa deti u\u010dia hravou formou pracova\u0165 s r\u00f4znymi technick\u00fdmi&#8230; <a href=\"https:\/\/www.zahoramizadolami.sk\/terra-permonia\/\" target=\"_blank\" rel=\"noopener noreferrer\">Viac<\/a><\/p>\n<hr \/>\n<p><img decoding=\"async\" style=\"float: left; margin-right: 15px;\" src=\"\/wp-content\/uploads\/2020\/02\/planetarium.jpg\" alt=\"\" width=\"210\" \/><\/p>\n<h2>Hvezd\u00e1re\u0148 a planet\u00e1rium Maximili\u00e1na Hella<\/h2>\n<p>Fascinuj\u00face vesm\u00edrne divadlo m\u00f4\u017eete za\u017ei\u0165 vo Hvezd\u00e1rni a planet\u00e1riu Maximili\u00e1na Hella v \u017diari nad Hronom. P\u00f4sobenie hvezd\u00e1rne sa s\u00fastre\u010fuje predov\u0161etk\u00fdm na regi\u00f3n stredn\u00e9ho Pohronia. Hlavnou dominantou&#8230; <a href=\"https:\/\/www.planetarium.sk\/\" target=\"_blank\" rel=\"noopener noreferrer\">Viac<\/a><\/p>\n","protected":false},"excerpt":{"rendered":"<p>V tejto sekcii V\u00e1m pon\u00fakame preh\u013ead zauj\u00edmav\u00fdch miest v okol\u00ed vily Margotsy. Vodn\u00fd raj Vyhne Vodn\u00fd raj Vyhne je jedine\u010dn\u00fdm aquaparkom s celoro\u010dnou prev\u00e1dzkou. Obec Vyhne le\u017e\u00ed na za\u010diatku chr\u00e1nenej krajinnej oblasti \u0160tiavnick\u00e9 vrchy, uprostred n\u00e1dhernej pr\u00edrody a iba 15<\/p>\n","protected":false},"author":2,"featured_media":0,"parent":588,"menu_order":0,"comment_status":"closed","ping_status":"closed","template":"","meta":{"footnotes":""},"class_list":["post-600","page","type-page","status-publish","hentry"],"_links":{"self":[{"href":"https:\/\/vyhne.fchpt.stuba.sk\/index.php\/wp-json\/wp\/v2\/pages\/600","targetHints":{"allow":["GET"]}}],"collection":[{"href":"https:\/\/vyhne.fchpt.stuba.sk\/index.php\/wp-json\/wp\/v2\/pages"}],"about":[{"href":"https:\/\/vyhne.fchpt.stuba.sk\/index.php\/wp-json\/wp\/v2\/types\/page"}],"author":[{"embeddable":true,"href":"https:\/\/vyhne.fchpt.stuba.sk\/index.php\/wp-json\/wp\/v2\/users\/2"}],"replies":[{"embeddable":true,"href":"https:\/\/vyhne.fchpt.stuba.sk\/index.php\/wp-json\/wp\/v2\/comments?post=600"}],"version-history":[{"count":14,"href":"https:\/\/vyhne.fchpt.stuba.sk\/index.php\/wp-json\/wp\/v2\/pages\/600\/revisions"}],"predecessor-version":[{"id":1149,"href":"https:\/\/vyhne.fchpt.stuba.sk\/index.php\/wp-json\/wp\/v2\/pages\/600\/revisions\/1149"}],"up":[{"embeddable":true,"href":"https:\/\/vyhne.fchpt.stuba.sk\/index.php\/wp-json\/wp\/v2\/pages\/588"}],"wp:attachment":[{"href":"https:\/\/vyhne.fchpt.stuba.sk\/index.php\/wp-json\/wp\/v2\/media?parent=600"}],"curies":[{"name":"wp","href":"https:\/\/api.w.org\/{rel}","templated":true}]}}