{"id":590,"date":"2020-02-13T11:18:37","date_gmt":"2020-02-13T10:18:37","guid":{"rendered":"https:\/\/vyhne.fchpt.stuba.sk\/?page_id=590"},"modified":"2025-12-08T07:47:46","modified_gmt":"2025-12-08T06:47:46","slug":"priroda","status":"publish","type":"page","link":"https:\/\/vyhne.fchpt.stuba.sk\/index.php\/kam-v-okoli\/priroda\/","title":{"rendered":"Pr\u00edroda"},"content":{"rendered":"<p><strong>V tejto sekcii V\u00e1m pon\u00fakame preh\u013ead zauj\u00edmav\u00fdch miest v okol\u00ed vily Margotsy.<\/strong><\/p>\n<p><img decoding=\"async\" style=\"float: left; margin-right: 15px;\" src=\"\/wp-content\/uploads\/2020\/02\/kamennemore.jpg\" alt=\"\" width=\"210\" \/><\/p>\n<h2>Kamenn\u00e9 more vo Vyhniach<\/h2>\n<p>Na \u00fap\u00e4t\u00ed vrchu Kamenn\u00e1 vyp\u00ednaj\u00faceho sa nad obcou Vyhne sa nach\u00e1dza unik\u00e1tny pr\u00edrodn\u00fd v\u00fdtvor \u2013 Kamenn\u00e9 more. Lokalita tvoren\u00e1 nespo\u010d\u00edtate\u013en\u00fdm mno\u017estvom v\u00e4\u010d\u0161\u00edch \u010di men\u0161\u00edch ryolitov\u00fdch balvanov na\u010dervenastej farby je rozlohou najv\u00e4\u010d\u0161ou a najv\u00fdznamnej\u0161ou&#8230; <a href=\"https:\/\/www.kamnavylet.sk\/sk\/atrakcia\/kamenne-more-vo-vyhniach-vyhne\" target=\"_blank\" rel=\"noopener noreferrer\">Viac<\/a><\/p>\n<hr \/>\n<p><img decoding=\"async\" style=\"float: left; margin-right: 15px;\" src=\"\/wp-content\/uploads\/2020\/02\/travertin.jpg\" alt=\"\" width=\"210\" \/><\/p>\n<h2>Vyhniansky travert\u00edn<\/h2>\n<p>Pr\u00edrodn\u00e1 pamiatka Vyhniansky travert\u00edn je ojedinel\u00fdm krasov\u00fdm \u00fatvarom \u2013 \u017eivou, neust\u00e1le rast\u00facou travert\u00ednovou kopou s viac ako 3 m vysok\u00fdm vodop\u00e1dom. Vznikol usadzovan\u00edm sa miner\u00e1lov z v\u00e1penatej vody, ktor\u00e1 vytek\u00e1 z niekdaj\u0161ej banskej&#8230; <a href=\"http:\/\/www.vypadni.sk\/sk\/vyhniansky-travertin\" target=\"_blank\" rel=\"noopener noreferrer\">Viac<\/a><\/p>\n<hr \/>\n<p><img decoding=\"async\" style=\"float: left; margin-right: 15px;\" src=\"\/wp-content\/uploads\/2020\/02\/skala.jpg\" alt=\"\" width=\"210\" \/><\/p>\n<h2>Jelenia skala<\/h2>\n<p>Ak ste niekedy boli v obci Vyhne, mo\u017ene aj va\u0161u pozornos\u0165 up\u00fatal zauj\u00edmav\u00fd bralnat\u00fd v\u00fdbe\u017eok, ktor\u00fd sa vyp\u00edna priamo nad obcou. Je to Jelenia skala, ktor\u00fd dom\u00e1ci tie\u017e naz\u00fdvaj\u00fa Jer\u017ei\u0161t\u00e1n. Spolu s ne\u010falek\u00fdm Kamenn\u00fdm morom predstavuje prirodzen\u00fa&#8230; <a href=\"https:\/\/www.kamnavylet.sk\/sk\/atrakcia\/jelenia-skala\" target=\"_blank\" rel=\"noopener noreferrer\">Viac<\/a><\/p>\n<hr \/>\n<p><img decoding=\"async\" style=\"float: left; margin-right: 15px;\" src=\"\/wp-content\/uploads\/2020\/02\/chodnik.jpg\" alt=\"\" width=\"210\" \/><\/p>\n<h2>N\u00e1u\u010dn\u00fd chodn\u00edk Po stop\u00e1ch star\u00e9ho rudn\u00e9ho ban\u00edctva<\/h2>\n<p>N\u00e1u\u010dn\u00fd chodn\u00edk Po stop\u00e1ch star\u00e9ho rudn\u00e9ho ban\u00edctva v Pukanci sp\u00e1ja to najlep\u0161ie, najkraj\u0161ie a najzauj\u00edmavej\u0161ie z okolit\u00fdch pr\u00edrodn\u00fdch kr\u00e1s a hist\u00f3rie b\u00fdval\u00e9ho slobodn\u00e9ho ban\u00edckeho a kr\u00e1\u013eovsk\u00e9ho mesta&#8230; <a href=\"https:\/\/www.terrabanensium.sk\/chodnik\/uvod_chod.html\" target=\"_blank\" rel=\"noopener noreferrer\">Viac<\/a><\/p>\n<hr \/>\n<p><img decoding=\"async\" style=\"float: left; margin-right: 15px;\" src=\"\/wp-content\/uploads\/2025\/05\/zveropark.jpg\" alt=\"\" width=\"210\" \/><\/p>\n<h2>Zveropark<\/h2>\n<p>Zveropark v Revi\u0161tskom Podz\u00e1m\u010d\u00ed \u2013 miesto, kde je pr\u00edroda kr\u00e1sna ako z rozpr\u00e1vky, miesto, kde n\u00e1jdete zauj\u00edmav\u00e9 zvieratk\u00e1, z\u00e1kutie s vodop\u00e1dikom, jazero pln\u00e9 r\u00fdb, l\u00faku ako stvoren\u00fa pre piknik a pokoj na oddych.<br \/>\nZveropark je oddychov\u00fd park pre v\u0161etk\u00fdch milovn\u00edkov relaxu v pr\u00edrode a zvierat. Na ploche pribli\u017ene 23 ha \u017eije viac ako 40 druhov zvierat. Hlavnou dominantou s\u00fa losy mokra\u010fov\u00e9 a biz\u00f3ny americk\u00e9, no n\u00e1jdete tu i zvierat\u00e1, ktor\u00e9 vo\u013ene \u017eij\u00fa v na\u0161ich lesoch (ako jele\u0148 \u010di diviak lesn\u00fd), emu, veveri\u010dku, l\u00ed\u0161ku, holandsk\u00fa minikozu, quessantsk\u00fa miniovcu alebo zvieratk\u00e1, ktor\u00e9 v lese be\u017ene u\u017e nen\u00e1jdete, alebo \u017eij\u00fa v cudzine. <a href=\"https:\/\/zveropark.sk\/\" target=\"_blank\" rel=\"noopener noreferrer\">Viac<\/a><\/p>\n","protected":false},"excerpt":{"rendered":"<p>V tejto sekcii V\u00e1m pon\u00fakame preh\u013ead zauj\u00edmav\u00fdch miest v okol\u00ed vily Margotsy. Kamenn\u00e9 more vo Vyhniach Na \u00fap\u00e4t\u00ed vrchu Kamenn\u00e1 vyp\u00ednaj\u00faceho sa nad obcou Vyhne sa nach\u00e1dza unik\u00e1tny pr\u00edrodn\u00fd v\u00fdtvor \u2013 Kamenn\u00e9 more. Lokalita tvoren\u00e1 nespo\u010d\u00edtate\u013en\u00fdm mno\u017estvom v\u00e4\u010d\u0161\u00edch \u010di men\u0161\u00edch<\/p>\n","protected":false},"author":2,"featured_media":0,"parent":588,"menu_order":0,"comment_status":"closed","ping_status":"closed","template":"","meta":{"footnotes":""},"class_list":["post-590","page","type-page","status-publish","hentry"],"_links":{"self":[{"href":"https:\/\/vyhne.fchpt.stuba.sk\/index.php\/wp-json\/wp\/v2\/pages\/590","targetHints":{"allow":["GET"]}}],"collection":[{"href":"https:\/\/vyhne.fchpt.stuba.sk\/index.php\/wp-json\/wp\/v2\/pages"}],"about":[{"href":"https:\/\/vyhne.fchpt.stuba.sk\/index.php\/wp-json\/wp\/v2\/types\/page"}],"author":[{"embeddable":true,"href":"https:\/\/vyhne.fchpt.stuba.sk\/index.php\/wp-json\/wp\/v2\/users\/2"}],"replies":[{"embeddable":true,"href":"https:\/\/vyhne.fchpt.stuba.sk\/index.php\/wp-json\/wp\/v2\/comments?post=590"}],"version-history":[{"count":13,"href":"https:\/\/vyhne.fchpt.stuba.sk\/index.php\/wp-json\/wp\/v2\/pages\/590\/revisions"}],"predecessor-version":[{"id":1147,"href":"https:\/\/vyhne.fchpt.stuba.sk\/index.php\/wp-json\/wp\/v2\/pages\/590\/revisions\/1147"}],"up":[{"embeddable":true,"href":"https:\/\/vyhne.fchpt.stuba.sk\/index.php\/wp-json\/wp\/v2\/pages\/588"}],"wp:attachment":[{"href":"https:\/\/vyhne.fchpt.stuba.sk\/index.php\/wp-json\/wp\/v2\/media?parent=590"}],"curies":[{"name":"wp","href":"https:\/\/api.w.org\/{rel}","templated":true}]}}