{"id":572,"date":"2020-02-13T11:13:41","date_gmt":"2020-02-13T10:13:41","guid":{"rendered":"https:\/\/vyhne.fchpt.stuba.sk\/?page_id=572"},"modified":"2022-02-17T11:07:45","modified_gmt":"2022-02-17T10:07:45","slug":"izba-7","status":"publish","type":"page","link":"https:\/\/vyhne.fchpt.stuba.sk\/index.php\/ponuka-ubytovania\/izba-7\/","title":{"rendered":"Izba \u010d.7 \u2013 4 l\u00f4\u017eka"},"content":{"rendered":"<p>Izba vhodn\u00e1 hlavne pre rodiny s de\u0165mi sa nach\u00e1dza na 2. poschod\u00ed vily a je vybaven\u00e1 dvoma samostatn\u00fdmi a dvoma spojen\u00fdmi l\u00f4\u017ekami. Izba m\u00e1 k dispoz\u00edcii p\u00e1nsku a d\u00e1msku k\u00fape\u013e\u0148u s toaletou a sprchovac\u00edm k\u00fatom, ktor\u00e1 je zdie\u013ean\u00e1 s izbou \u010d.6. Osobn\u00e9 veci si je mo\u017en\u00e9 ulo\u017ei\u0165 do skr\u00ed\u0148 a no\u010dn\u00fdch stol\u00edkov. O z\u00e1bavu sa postaraj\u00fa LED telev\u00edzor s bohatou ponukou telev\u00edznych kan\u00e1lov. V izbe nie je k dispoz\u00edcii wifi pripojenie.<\/p>\n<p>&nbsp;<\/p>\n<p><img loading=\"lazy\" decoding=\"async\" class=\"alignnone size-medium wp-image-970\" src=\"https:\/\/vyhne.fchpt.stuba.sk\/wp-content\/uploads\/2022\/02\/7-300x225.jpg\" alt=\"\" width=\"300\" height=\"225\" srcset=\"https:\/\/vyhne.fchpt.stuba.sk\/wp-content\/uploads\/2022\/02\/7-300x225.jpg 300w, https:\/\/vyhne.fchpt.stuba.sk\/wp-content\/uploads\/2022\/02\/7-600x450.jpg 600w, https:\/\/vyhne.fchpt.stuba.sk\/wp-content\/uploads\/2022\/02\/7.jpg 640w\" sizes=\"auto, (max-width: 300px) 100vw, 300px\" \/><img loading=\"lazy\" decoding=\"async\" class=\"alignnone size-medium wp-image-969\" src=\"https:\/\/vyhne.fchpt.stuba.sk\/wp-content\/uploads\/2022\/02\/7-3-300x225.jpg\" alt=\"\" width=\"300\" height=\"225\" srcset=\"https:\/\/vyhne.fchpt.stuba.sk\/wp-content\/uploads\/2022\/02\/7-3-300x225.jpg 300w, https:\/\/vyhne.fchpt.stuba.sk\/wp-content\/uploads\/2022\/02\/7-3-600x450.jpg 600w, https:\/\/vyhne.fchpt.stuba.sk\/wp-content\/uploads\/2022\/02\/7-3.jpg 640w\" sizes=\"auto, (max-width: 300px) 100vw, 300px\" \/><img loading=\"lazy\" decoding=\"async\" class=\"alignnone size-medium wp-image-968\" src=\"https:\/\/vyhne.fchpt.stuba.sk\/wp-content\/uploads\/2022\/02\/7-2-300x225.jpg\" alt=\"\" width=\"300\" height=\"225\" srcset=\"https:\/\/vyhne.fchpt.stuba.sk\/wp-content\/uploads\/2022\/02\/7-2-300x225.jpg 300w, https:\/\/vyhne.fchpt.stuba.sk\/wp-content\/uploads\/2022\/02\/7-2-600x450.jpg 600w, https:\/\/vyhne.fchpt.stuba.sk\/wp-content\/uploads\/2022\/02\/7-2.jpg 640w\" sizes=\"auto, (max-width: 300px) 100vw, 300px\" \/><\/p>\n","protected":false},"excerpt":{"rendered":"<p>Izba vhodn\u00e1 hlavne pre rodiny s de\u0165mi sa nach\u00e1dza na 2. poschod\u00ed vily a je vybaven\u00e1 dvoma samostatn\u00fdmi a dvoma spojen\u00fdmi l\u00f4\u017ekami. Izba m\u00e1 k dispoz\u00edcii p\u00e1nsku a d\u00e1msku k\u00fape\u013e\u0148u s toaletou a sprchovac\u00edm k\u00fatom, ktor\u00e1 je zdie\u013ean\u00e1 s izbou<\/p>\n","protected":false},"author":2,"featured_media":0,"parent":557,"menu_order":0,"comment_status":"closed","ping_status":"closed","template":"","meta":{"footnotes":""},"class_list":["post-572","page","type-page","status-publish","hentry"],"_links":{"self":[{"href":"https:\/\/vyhne.fchpt.stuba.sk\/index.php\/wp-json\/wp\/v2\/pages\/572","targetHints":{"allow":["GET"]}}],"collection":[{"href":"https:\/\/vyhne.fchpt.stuba.sk\/index.php\/wp-json\/wp\/v2\/pages"}],"about":[{"href":"https:\/\/vyhne.fchpt.stuba.sk\/index.php\/wp-json\/wp\/v2\/types\/page"}],"author":[{"embeddable":true,"href":"https:\/\/vyhne.fchpt.stuba.sk\/index.php\/wp-json\/wp\/v2\/users\/2"}],"replies":[{"embeddable":true,"href":"https:\/\/vyhne.fchpt.stuba.sk\/index.php\/wp-json\/wp\/v2\/comments?post=572"}],"version-history":[{"count":3,"href":"https:\/\/vyhne.fchpt.stuba.sk\/index.php\/wp-json\/wp\/v2\/pages\/572\/revisions"}],"predecessor-version":[{"id":991,"href":"https:\/\/vyhne.fchpt.stuba.sk\/index.php\/wp-json\/wp\/v2\/pages\/572\/revisions\/991"}],"up":[{"embeddable":true,"href":"https:\/\/vyhne.fchpt.stuba.sk\/index.php\/wp-json\/wp\/v2\/pages\/557"}],"wp:attachment":[{"href":"https:\/\/vyhne.fchpt.stuba.sk\/index.php\/wp-json\/wp\/v2\/media?parent=572"}],"curies":[{"name":"wp","href":"https:\/\/api.w.org\/{rel}","templated":true}]}}