{"id":566,"date":"2020-02-13T11:05:40","date_gmt":"2020-02-13T10:05:40","guid":{"rendered":"https:\/\/vyhne.fchpt.stuba.sk\/?page_id=566"},"modified":"2022-02-17T14:08:39","modified_gmt":"2022-02-17T13:08:39","slug":"izba-4","status":"publish","type":"page","link":"https:\/\/vyhne.fchpt.stuba.sk\/index.php\/ponuka-ubytovania\/izba-4\/","title":{"rendered":"Izba \u010d.4 \u2013 3 l\u00f4\u017eka"},"content":{"rendered":"<p>Izba sa nach\u00e1dza na 1. poschod\u00ed vily a je vybaven\u00e1 tromi l\u00f4\u017ekami s nov\u00fdmi matracmi (2021) a samostatnou k\u00fape\u013e\u0148ou s toaletou a sprchovac\u00edm k\u00fatom. Osobn\u00e9 veci si je mo\u017en\u00e9 ulo\u017ei\u0165 do skr\u00ed\u0148 a no\u010dn\u00fdch stol\u00edkov. O z\u00e1bavu sa postaraj\u00fa LED telev\u00edzor s bohatou ponukou telev\u00edznych kan\u00e1lov a r\u00fdchle wifi pripojenie.<\/p>\n<p>&nbsp;<\/p>\n<p><img loading=\"lazy\" decoding=\"async\" class=\"alignnone size-medium wp-image-959\" src=\"https:\/\/vyhne.fchpt.stuba.sk\/wp-content\/uploads\/2022\/02\/4-3-300x225.jpg\" alt=\"\" width=\"300\" height=\"225\" srcset=\"https:\/\/vyhne.fchpt.stuba.sk\/wp-content\/uploads\/2022\/02\/4-3-300x225.jpg 300w, https:\/\/vyhne.fchpt.stuba.sk\/wp-content\/uploads\/2022\/02\/4-3-600x450.jpg 600w, https:\/\/vyhne.fchpt.stuba.sk\/wp-content\/uploads\/2022\/02\/4-3.jpg 640w\" sizes=\"auto, (max-width: 300px) 100vw, 300px\" \/><img loading=\"lazy\" decoding=\"async\" class=\"alignnone size-medium wp-image-960\" src=\"https:\/\/vyhne.fchpt.stuba.sk\/wp-content\/uploads\/2022\/02\/4-4-300x225.jpg\" alt=\"\" width=\"300\" height=\"225\" srcset=\"https:\/\/vyhne.fchpt.stuba.sk\/wp-content\/uploads\/2022\/02\/4-4-300x225.jpg 300w, https:\/\/vyhne.fchpt.stuba.sk\/wp-content\/uploads\/2022\/02\/4-4-600x450.jpg 600w, https:\/\/vyhne.fchpt.stuba.sk\/wp-content\/uploads\/2022\/02\/4-4.jpg 640w\" sizes=\"auto, (max-width: 300px) 100vw, 300px\" \/><\/p>\n","protected":false},"excerpt":{"rendered":"<p>Izba sa nach\u00e1dza na 1. poschod\u00ed vily a je vybaven\u00e1 tromi l\u00f4\u017ekami s nov\u00fdmi matracmi (2021) a samostatnou k\u00fape\u013e\u0148ou s toaletou a sprchovac\u00edm k\u00fatom. Osobn\u00e9 veci si je mo\u017en\u00e9 ulo\u017ei\u0165 do skr\u00ed\u0148 a no\u010dn\u00fdch stol\u00edkov. O z\u00e1bavu sa postaraj\u00fa LED<\/p>\n","protected":false},"author":2,"featured_media":0,"parent":557,"menu_order":0,"comment_status":"closed","ping_status":"closed","template":"","meta":{"footnotes":""},"class_list":["post-566","page","type-page","status-publish","hentry"],"_links":{"self":[{"href":"https:\/\/vyhne.fchpt.stuba.sk\/index.php\/wp-json\/wp\/v2\/pages\/566","targetHints":{"allow":["GET"]}}],"collection":[{"href":"https:\/\/vyhne.fchpt.stuba.sk\/index.php\/wp-json\/wp\/v2\/pages"}],"about":[{"href":"https:\/\/vyhne.fchpt.stuba.sk\/index.php\/wp-json\/wp\/v2\/types\/page"}],"author":[{"embeddable":true,"href":"https:\/\/vyhne.fchpt.stuba.sk\/index.php\/wp-json\/wp\/v2\/users\/2"}],"replies":[{"embeddable":true,"href":"https:\/\/vyhne.fchpt.stuba.sk\/index.php\/wp-json\/wp\/v2\/comments?post=566"}],"version-history":[{"count":5,"href":"https:\/\/vyhne.fchpt.stuba.sk\/index.php\/wp-json\/wp\/v2\/pages\/566\/revisions"}],"predecessor-version":[{"id":999,"href":"https:\/\/vyhne.fchpt.stuba.sk\/index.php\/wp-json\/wp\/v2\/pages\/566\/revisions\/999"}],"up":[{"embeddable":true,"href":"https:\/\/vyhne.fchpt.stuba.sk\/index.php\/wp-json\/wp\/v2\/pages\/557"}],"wp:attachment":[{"href":"https:\/\/vyhne.fchpt.stuba.sk\/index.php\/wp-json\/wp\/v2\/media?parent=566"}],"curies":[{"name":"wp","href":"https:\/\/api.w.org\/{rel}","templated":true}]}}