{"id":32,"date":"2020-02-12T15:08:00","date_gmt":"2020-02-12T14:08:00","guid":{"rendered":"https:\/\/vyhne.fchpt.stuba.sk\/index.php\/colibri-wp\/"},"modified":"2025-05-13T13:03:56","modified_gmt":"2025-05-13T11:03:56","slug":"colibri-wp","status":"publish","type":"page","link":"https:\/\/vyhne.fchpt.stuba.sk\/","title":{"rendered":"\u00davod"},"content":{"rendered":"<p>Vila je s\u00fa\u010das\u0165ou kult\u00farne v\u00fdznamnej hist\u00f3rie Slovenska a regi\u00f3nu, obec Vyhne okrem ban\u00edctva a pivovarn\u00edctva presl\u00e1vili lie\u010debn\u00e9 k\u00fapele. K\u00fape\u013en\u00e9 domy tu predstavovali hist\u00f3riu uhorsk\u00fdch horsk\u00fdch miest, v ich odkaze bola postaven\u00e1 k\u00fape\u013en\u00e1 vila Margotsy, dokon\u010den\u00e1 v roku 1912, dnes patr\u00ed FCHPT STU. P\u00f4vodn\u00fd majite\u013e tu ubytov\u00e1val svojich host\u00ed, v ka\u017edej vile bola kuch\u00e1rka, strava sa pod\u00e1vala na \u0161tylizovan\u00fdch verand\u00e1ch.<\/p>\n<p>Vila predstavovala pokoj a pohodu, \u010do zvy\u0161ovalo lie\u010div\u00fd \u00fa\u010dinok. V podkrov\u00ed b\u00fdvali menej solventn\u00ed hostia, s\u00fa\u010das\u0165ou vily bola kr\u00e1sna tieniaca z\u00e1hrada, izby boli jasn\u00e9 a \u010dist\u00e9, vybaven\u00e9 pohodln\u00fdmi div\u00e1nmi s pekn\u00fdm v\u00fdh\u013eadom, obsluha na vysokej \u00farovni. Objekt je situovan\u00fd k \u201e\u0161pacierke\u201c, ktor\u00e1 bola lemovan\u00e1 kvetinami, lavi\u010dkami, besiedkami. Park pripom\u00ednal kvitn\u00faci slne\u010dn\u00fd raj. Obnova objektu s\u00favis\u00ed s obnovou \u201e\u0161pacierky\u201c v parku.<\/p>\n<p>Margo\u010diho vila, taktie\u017e zn\u00e1ma pod\u013ea secesn\u00e9ho (Art Noveau) stavebn\u00e9ho \u0161t\u00fdlu ako Benk\u00f3 Villa. Istv\u00e1n Medgyaszay (rod. Benk\u00f3) (* 23. august 1877 \u2013 \u2020 29. apr\u00edl 1959) bol ma\u010farsk\u00fd architekt. Svoje priezvisko Medgyaszay prijal a\u017e nesk\u00f4r po svojej starej matke, Korn\u00e9lii Medgyaszay. Jeho otec, K\u00e1roly Benk\u00f3 (1837 \u2013 1893) bol mur\u00e1r a stavite\u013e.<\/p>\n","protected":false},"excerpt":{"rendered":"<p>Vila je s\u00fa\u010das\u0165ou kult\u00farne v\u00fdznamnej hist\u00f3rie Slovenska a regi\u00f3nu, obec Vyhne okrem ban\u00edctva a pivovarn\u00edctva presl\u00e1vili lie\u010debn\u00e9 k\u00fapele. K\u00fape\u013en\u00e9 domy tu predstavovali hist\u00f3riu uhorsk\u00fdch horsk\u00fdch miest, v ich odkaze bola postaven\u00e1 k\u00fape\u013en\u00e1 vila Margotsy, dokon\u010den\u00e1 v roku 1912, dnes patr\u00ed<\/p>\n","protected":false},"author":2,"featured_media":0,"parent":0,"menu_order":0,"comment_status":"closed","ping_status":"closed","template":"","meta":{"footnotes":""},"class_list":["post-32","page","type-page","status-publish","hentry"],"_links":{"self":[{"href":"https:\/\/vyhne.fchpt.stuba.sk\/index.php\/wp-json\/wp\/v2\/pages\/32","targetHints":{"allow":["GET"]}}],"collection":[{"href":"https:\/\/vyhne.fchpt.stuba.sk\/index.php\/wp-json\/wp\/v2\/pages"}],"about":[{"href":"https:\/\/vyhne.fchpt.stuba.sk\/index.php\/wp-json\/wp\/v2\/types\/page"}],"author":[{"embeddable":true,"href":"https:\/\/vyhne.fchpt.stuba.sk\/index.php\/wp-json\/wp\/v2\/users\/2"}],"replies":[{"embeddable":true,"href":"https:\/\/vyhne.fchpt.stuba.sk\/index.php\/wp-json\/wp\/v2\/comments?post=32"}],"version-history":[{"count":26,"href":"https:\/\/vyhne.fchpt.stuba.sk\/index.php\/wp-json\/wp\/v2\/pages\/32\/revisions"}],"predecessor-version":[{"id":1124,"href":"https:\/\/vyhne.fchpt.stuba.sk\/index.php\/wp-json\/wp\/v2\/pages\/32\/revisions\/1124"}],"wp:attachment":[{"href":"https:\/\/vyhne.fchpt.stuba.sk\/index.php\/wp-json\/wp\/v2\/media?parent=32"}],"curies":[{"name":"wp","href":"https:\/\/api.w.org\/{rel}","templated":true}]}}