{"id":1019,"date":"2022-02-18T14:04:25","date_gmt":"2022-02-18T13:04:25","guid":{"rendered":"https:\/\/vyhne.fchpt.stuba.sk\/?page_id=1019"},"modified":"2022-02-28T13:05:15","modified_gmt":"2022-02-28T12:05:15","slug":"prijazd-do-vily","status":"publish","type":"page","link":"https:\/\/vyhne.fchpt.stuba.sk\/index.php\/rezervacie\/prijazd-do-vily\/","title":{"rendered":"Pr\u00edjazd do vily"},"content":{"rendered":"<p>Pr\u00edjazd do vily nie je komplikovan\u00fd a zvl\u00e1dne ho ak\u00fdko\u013evek typ vozidla, cesta je asfaltov\u00e1 po celej d\u013a\u017eke. Nako\u013eko Google Maps nepozn\u00e1 presn\u00fa adresu, odpor\u00fa\u010dame riadi\u0165 sa nasledovn\u00fdm postupom pri prvom pr\u00edjazde z Bratislavy:<\/p>\n<p><img loading=\"lazy\" decoding=\"async\" class=\"alignnone wp-image-1024\" src=\"https:\/\/vyhne.fchpt.stuba.sk\/wp-content\/uploads\/2022\/02\/Vyhne-prijazd-300x153.jpg\" alt=\"\" width=\"771\" height=\"393\" srcset=\"https:\/\/vyhne.fchpt.stuba.sk\/wp-content\/uploads\/2022\/02\/Vyhne-prijazd-300x153.jpg 300w, https:\/\/vyhne.fchpt.stuba.sk\/wp-content\/uploads\/2022\/02\/Vyhne-prijazd-768x392.jpg 768w, https:\/\/vyhne.fchpt.stuba.sk\/wp-content\/uploads\/2022\/02\/Vyhne-prijazd.jpg 926w\" sizes=\"auto, (max-width: 771px) 100vw, 771px\" \/><\/p>\n<p>Z R1 z\u00ed\u010fte na zjazde Bzenica (km 110) na cestu 65 a pokra\u010dujte do dediny Bzenica.<\/p>\n<p>Na kri\u017eovatke v Bzenici odbo\u010dte doprava na cestu 2493.<\/p>\n<p>Asi 1 km po vstupe do Vyhn\u00ed, po prejden\u00ed okolo pivovaru, akvaparku a po tom, ako na\u013eavo prejdete okolo Chaty pod Kamenn\u00fdm morom, pri prvej bytovke pri autobusovej zast\u00e1vke odbo\u010dte doprava.<\/p>\n<p><img loading=\"lazy\" decoding=\"async\" class=\"alignnone wp-image-1021\" src=\"https:\/\/vyhne.fchpt.stuba.sk\/wp-content\/uploads\/2022\/02\/Vyhne-odbocka-1-300x145.jpg\" alt=\"\" width=\"770\" height=\"372\" srcset=\"https:\/\/vyhne.fchpt.stuba.sk\/wp-content\/uploads\/2022\/02\/Vyhne-odbocka-1-300x145.jpg 300w, https:\/\/vyhne.fchpt.stuba.sk\/wp-content\/uploads\/2022\/02\/Vyhne-odbocka-1-1024x494.jpg 1024w, https:\/\/vyhne.fchpt.stuba.sk\/wp-content\/uploads\/2022\/02\/Vyhne-odbocka-1-768x371.jpg 768w, https:\/\/vyhne.fchpt.stuba.sk\/wp-content\/uploads\/2022\/02\/Vyhne-odbocka-1.jpg 1480w\" sizes=\"auto, (max-width: 770px) 100vw, 770px\" \/><\/p>\n<p>Za most\u00edkom odbo\u010dte do\u013eava a ob\u00ed\u010fte bytovku. (Skratka rovno je prejazdn\u00e1 iba pre automobily s vy\u0161\u0161\u00edm podvozkom.)<\/p>\n<p><img loading=\"lazy\" decoding=\"async\" class=\"alignnone wp-image-1022\" src=\"https:\/\/vyhne.fchpt.stuba.sk\/wp-content\/uploads\/2022\/02\/Vyhne-odbocka-2-300x139.jpg\" alt=\"\" width=\"768\" height=\"356\" srcset=\"https:\/\/vyhne.fchpt.stuba.sk\/wp-content\/uploads\/2022\/02\/Vyhne-odbocka-2-300x139.jpg 300w, https:\/\/vyhne.fchpt.stuba.sk\/wp-content\/uploads\/2022\/02\/Vyhne-odbocka-2-1024x475.jpg 1024w, https:\/\/vyhne.fchpt.stuba.sk\/wp-content\/uploads\/2022\/02\/Vyhne-odbocka-2-768x356.jpg 768w, https:\/\/vyhne.fchpt.stuba.sk\/wp-content\/uploads\/2022\/02\/Vyhne-odbocka-2-1536x712.jpg 1536w, https:\/\/vyhne.fchpt.stuba.sk\/wp-content\/uploads\/2022\/02\/Vyhne-odbocka-2.jpg 1562w\" sizes=\"auto, (max-width: 768px) 100vw, 768px\" \/><\/p>\n<p>Na kri\u017eovatke tvaru V odbo\u010dte doprava, t.j. necho\u010fte hore kopcom.<\/p>\n<p><img loading=\"lazy\" decoding=\"async\" class=\"alignnone wp-image-1023\" src=\"https:\/\/vyhne.fchpt.stuba.sk\/wp-content\/uploads\/2022\/02\/Vyhne-odbocka-3-300x166.jpg\" alt=\"\" width=\"766\" height=\"424\" srcset=\"https:\/\/vyhne.fchpt.stuba.sk\/wp-content\/uploads\/2022\/02\/Vyhne-odbocka-3-300x166.jpg 300w, https:\/\/vyhne.fchpt.stuba.sk\/wp-content\/uploads\/2022\/02\/Vyhne-odbocka-3-1024x566.jpg 1024w, https:\/\/vyhne.fchpt.stuba.sk\/wp-content\/uploads\/2022\/02\/Vyhne-odbocka-3-768x424.jpg 768w, https:\/\/vyhne.fchpt.stuba.sk\/wp-content\/uploads\/2022\/02\/Vyhne-odbocka-3.jpg 1274w\" sizes=\"auto, (max-width: 766px) 100vw, 766px\" \/><\/p>\n<p>Zaparkujte na parkovisku priamo za vilou.<\/p>\n","protected":false},"excerpt":{"rendered":"<p>Pr\u00edjazd do vily nie je komplikovan\u00fd a zvl\u00e1dne ho ak\u00fdko\u013evek typ vozidla, cesta je asfaltov\u00e1 po celej d\u013a\u017eke. Nako\u013eko Google Maps nepozn\u00e1 presn\u00fa adresu, odpor\u00fa\u010dame riadi\u0165 sa nasledovn\u00fdm postupom pri prvom pr\u00edjazde z Bratislavy: Z R1 z\u00ed\u010fte na zjazde Bzenica<\/p>\n","protected":false},"author":3,"featured_media":0,"parent":615,"menu_order":0,"comment_status":"closed","ping_status":"closed","template":"","meta":{"footnotes":""},"class_list":["post-1019","page","type-page","status-publish","hentry"],"_links":{"self":[{"href":"https:\/\/vyhne.fchpt.stuba.sk\/index.php\/wp-json\/wp\/v2\/pages\/1019","targetHints":{"allow":["GET"]}}],"collection":[{"href":"https:\/\/vyhne.fchpt.stuba.sk\/index.php\/wp-json\/wp\/v2\/pages"}],"about":[{"href":"https:\/\/vyhne.fchpt.stuba.sk\/index.php\/wp-json\/wp\/v2\/types\/page"}],"author":[{"embeddable":true,"href":"https:\/\/vyhne.fchpt.stuba.sk\/index.php\/wp-json\/wp\/v2\/users\/3"}],"replies":[{"embeddable":true,"href":"https:\/\/vyhne.fchpt.stuba.sk\/index.php\/wp-json\/wp\/v2\/comments?post=1019"}],"version-history":[{"count":6,"href":"https:\/\/vyhne.fchpt.stuba.sk\/index.php\/wp-json\/wp\/v2\/pages\/1019\/revisions"}],"predecessor-version":[{"id":1041,"href":"https:\/\/vyhne.fchpt.stuba.sk\/index.php\/wp-json\/wp\/v2\/pages\/1019\/revisions\/1041"}],"up":[{"embeddable":true,"href":"https:\/\/vyhne.fchpt.stuba.sk\/index.php\/wp-json\/wp\/v2\/pages\/615"}],"wp:attachment":[{"href":"https:\/\/vyhne.fchpt.stuba.sk\/index.php\/wp-json\/wp\/v2\/media?parent=1019"}],"curies":[{"name":"wp","href":"https:\/\/api.w.org\/{rel}","templated":true}]}}