{"id":1005,"date":"2022-02-18T08:43:01","date_gmt":"2022-02-18T07:43:01","guid":{"rendered":"https:\/\/vyhne.fchpt.stuba.sk\/?page_id=1005"},"modified":"2025-12-08T07:30:11","modified_gmt":"2025-12-08T06:30:11","slug":"kontakty","status":"publish","type":"page","link":"https:\/\/vyhne.fchpt.stuba.sk\/index.php\/rezervacie\/kontakty\/","title":{"rendered":"Kontakty"},"content":{"rendered":"<p>Prev\u00e1dzkarka &#8211; kontaktn\u00e1 osoba pre ubytovan\u00fdch host\u00ed:<br \/>\n<strong>Veronika Dendi\u0161ov\u00e1<\/strong>, veronika.dendisova@stuba.sk, +421 907 462 148<\/p>\n<p>Rezerv\u00e1cie ubytovania:<br \/>\n<strong>Bla\u017eena Prielo\u017en\u00e1<\/strong>, blazena.prielozna@stuba.sk, +421 918 674 646<\/p>\n<p>Spr\u00e1vca UVZ (tajomn\u00edk FCHPT):<br \/>\n<strong>Ing. Branislav Pastucha, PhD.<\/strong>, branislav.pastucha@stuba.sk, +421 903 704 600<\/p>\n<p><img loading=\"lazy\" decoding=\"async\" class=\"alignnone wp-image-1013\" src=\"https:\/\/vyhne.fchpt.stuba.sk\/wp-content\/uploads\/2022\/02\/Vila-300x225.jpg\" alt=\"\" width=\"431\" height=\"323\" srcset=\"https:\/\/vyhne.fchpt.stuba.sk\/wp-content\/uploads\/2022\/02\/Vila-300x225.jpg 300w, https:\/\/vyhne.fchpt.stuba.sk\/wp-content\/uploads\/2022\/02\/Vila-1024x768.jpg 1024w, https:\/\/vyhne.fchpt.stuba.sk\/wp-content\/uploads\/2022\/02\/Vila-768x576.jpg 768w, https:\/\/vyhne.fchpt.stuba.sk\/wp-content\/uploads\/2022\/02\/Vila-600x450.jpg 600w, https:\/\/vyhne.fchpt.stuba.sk\/wp-content\/uploads\/2022\/02\/Vila.jpg 1400w\" sizes=\"auto, (max-width: 431px) 100vw, 431px\" \/><\/p>\n","protected":false},"excerpt":{"rendered":"<p>Prev\u00e1dzkarka &#8211; kontaktn\u00e1 osoba pre ubytovan\u00fdch host\u00ed: Veronika Dendi\u0161ov\u00e1, veronika.dendisova@stuba.sk, +421 907 462 148 Rezerv\u00e1cie ubytovania: Bla\u017eena Prielo\u017en\u00e1, blazena.prielozna@stuba.sk, +421 918 674 646 Spr\u00e1vca UVZ (tajomn\u00edk FCHPT): Ing. Branislav Pastucha, PhD., branislav.pastucha@stuba.sk, +421 903 704 600<\/p>\n","protected":false},"author":3,"featured_media":0,"parent":615,"menu_order":0,"comment_status":"closed","ping_status":"closed","template":"","meta":{"footnotes":""},"class_list":["post-1005","page","type-page","status-publish","hentry"],"_links":{"self":[{"href":"https:\/\/vyhne.fchpt.stuba.sk\/index.php\/wp-json\/wp\/v2\/pages\/1005","targetHints":{"allow":["GET"]}}],"collection":[{"href":"https:\/\/vyhne.fchpt.stuba.sk\/index.php\/wp-json\/wp\/v2\/pages"}],"about":[{"href":"https:\/\/vyhne.fchpt.stuba.sk\/index.php\/wp-json\/wp\/v2\/types\/page"}],"author":[{"embeddable":true,"href":"https:\/\/vyhne.fchpt.stuba.sk\/index.php\/wp-json\/wp\/v2\/users\/3"}],"replies":[{"embeddable":true,"href":"https:\/\/vyhne.fchpt.stuba.sk\/index.php\/wp-json\/wp\/v2\/comments?post=1005"}],"version-history":[{"count":9,"href":"https:\/\/vyhne.fchpt.stuba.sk\/index.php\/wp-json\/wp\/v2\/pages\/1005\/revisions"}],"predecessor-version":[{"id":1137,"href":"https:\/\/vyhne.fchpt.stuba.sk\/index.php\/wp-json\/wp\/v2\/pages\/1005\/revisions\/1137"}],"up":[{"embeddable":true,"href":"https:\/\/vyhne.fchpt.stuba.sk\/index.php\/wp-json\/wp\/v2\/pages\/615"}],"wp:attachment":[{"href":"https:\/\/vyhne.fchpt.stuba.sk\/index.php\/wp-json\/wp\/v2\/media?parent=1005"}],"curies":[{"name":"wp","href":"https:\/\/api.w.org\/{rel}","templated":true}]}}